{"id":16602,"date":"2024-04-15T10:32:06","date_gmt":"2024-04-15T13:32:06","guid":{"rendered":"https:\/\/mkt.hubglobalsolutions.com\/precios\/"},"modified":"2024-05-15T17:40:05","modified_gmt":"2024-05-15T20:40:05","slug":"precios","status":"publish","type":"page","link":"https:\/\/mkt.hubglobalsolutions.com\/es\/precios\/","title":{"rendered":"Precios"},"content":{"rendered":"<style>.slider-link-h30 .ot-carousel .item-link .uil-link:before{\n        content: \"e950\";\n    }\n    .shadow-xl .ot-icon-box__icon,\n    .shadow-xl .ot-images-slider-marquee figure,\n    .shadow-xl .ot-process-box__number{\n        box-shadow: rgba(30,34,40,.02) 0 2px 1px,rgba(30,34,40,.02) 0 4px 2px,rgba(30,34,40,.02) 0 8px 4px,rgba(30,34,40,.02) 0 16px 8px,rgba(30,34,40,.03) 0 32px 16px!important;\n    }\n    .shadow-xl .ot-images-slider-marquee{\n        overflow: visible;\n    }\n    .fs-64 h1{\n        font-size: calc(1.445rem + 2.34vw)!important;\n    }\n    .mt-n50p {\n        transform: translateY(-50%);\n    }\n    @media (min-width: 1200px){\n        .fs-64 h1{\n            font-size: 3.2rem!important;\n        }\n    }\n<\/style>\n<p>\t\t\t<svg xmlns=\"http:\/\/www.w3.org\/2000\/svg\" viewBox=\"0 0 219.5 219.5\"><path d=\"M219.5 219.5H0c0-58.19 23.14-114.06 64.29-155.21A219.561 219.561 0 01219.5 0v219.5z\"><\/path><\/svg><br \/>\n\t\t\t<svg xmlns=\"http:\/\/www.w3.org\/2000\/svg\" viewBox=\"0 0 500 500\"><g data-name=\"Layer 2\"><path d=\"M250 0C111.93 0 0 111.93 0 250s111.93 250 250 250 250-111.93 250-250S388.07 0 250 0zm0 425a175 175 0 11175-175 175 175 0 01-175 175z\" data-name=\"Layer 1\"><\/path><\/g><\/svg><br \/>\n\t\t\t<svg xmlns=\"http:\/\/www.w3.org\/2000\/svg\" viewBox=\"0 0 457.71 446.45\"><path d=\"M205.62 442.54c-.51-.41-.99-.84-1.46-1.31-10.4-10.39-3.61-27.12 11.63-52.5 11.72-19.51 28.48-43.74 46.22-69.39 17.53-25.34 35.66-51.54 49.01-73.47 14.73-24.19 18.57-35.01 19.51-39.48-3.86-.28-13.15.3-33.78 6.52-19.71 5.94-43.09 14.92-65.7 23.6-63.8 24.49-85.35 31.41-96.51 19.5-3.21-3.43-7.62-11.04-1.12-23.54 2.49-4.79 6.64-10.51 12.68-17.5 10.4-12.03 25.04-26.34 40.55-41.49 14.02-13.7 28.53-27.87 39.53-40.11 9.93-11.04 14.15-17.43 15.94-20.82-3.43-.75-10.24-1.51-23.25-.92-14.99.68-33.44 2.89-51.28 5.02-46.92 5.61-74.09 8.33-86.81-.99-4.78-3.5-7.67-8.42-8.41-14.24-1.97-15.58 12.45-33.15 29.14-53.5 5.31-6.47 13.31-16.22 17.36-22.68-4.51-.38-12.43-.4-25.97 1.1-16.54 1.82-35.62 5.22-50.95 7.96-12.62 2.25-22.6 4.03-28.48 4.49C6.6 39.3.58 34.17.04 27.28c-.54-6.88 4.6-12.9 11.48-13.44 4.66-.37 14.58-2.13 26.06-4.18C54.56 6.63 75.7 2.86 94 1.07c26.41-2.6 40.16-.54 47.48 7.13 7.01 7.34 6.45 17.66-1.68 30.66-4.72 7.55-11.63 15.98-18.95 24.9-6.18 7.53-12.57 15.31-17.24 22.19-3.35 4.92-4.95 8.13-5.71 10.07 3 .54 9.09 1.08 20.87.43 13.21-.73 29.07-2.63 45.86-4.64 59.99-7.17 94.33-10.22 102.49 10.62 7.4 18.93-16.51 43.51-62.99 88.92-12.69 12.4-24.68 24.11-34.04 34.28-3.17 3.45-5.68 6.34-7.67 8.75 15.88-4.42 41.18-14.13 59.67-21.22 62.4-23.96 101.69-37.87 121.09-29.14 5.38 2.42 9.26 6.47 11.23 11.72 7.48 19.95-16.15 57.31-71.83 137.82-15.49 22.39-30.12 43.55-41.18 61.25-7.13 11.4-11.3 19.11-13.75 24.25 8.97-3.3 25.58-11 55.73-28.8 32.68-19.29 70.61-44.04 101.09-63.94 24.62-16.07 44.07-28.76 54.65-34.68 6.03-3.37 13.64-1.22 17.01 4.81 3.37 6.03 1.22 13.64-4.81 17.01-9.83 5.5-29.92 18.61-53.18 33.79-33.46 21.84-75.1 49.01-110.05 69.21-49.35 28.51-70.85 35.44-82.46 26.07z\"><\/path><\/svg><br \/>\n\t\t\t<svg xmlns=\"http:\/\/www.w3.org\/2000\/svg\" viewBox=\"0 0 411.42 329.24\"><g data-name=\"Layer 2\"><path d=\"M164.34 21.92L8.72 251.15c-22.54 33.2 1.24 78.09 41.37 78.09h311.24c40.13 0 63.91-44.89 41.37-78.09L247.08 21.92a50 50 0 00-82.74 0z\" data-name=\"Layer 1\"><\/path><\/g><\/svg>\t\t\t<\/p>\n<h1>\n\t\t\tSimplifica tus servicios<br \/>\n\t\t\t\t    <\/h1>\n<p>Disfrute de una <a href=\"https:\/\/chat.hubglobal.app\/signup\">prueba gratuita<\/a> de 7 d\u00edas. No se requiere tarjeta de cr\u00e9dito.<\/p>\n<p>\t\t\t<a href=\"https:\/\/chat.hubglobal.app\/signup\" target=\"_blank\" rel=\"noopener\"><br \/>\n\t\t\t\tPrueba gratis\t\t\t\t\t\t\t<\/a><\/p>\n<style>\/*! elementor - v3.21.0 - 08-05-2024 *\/\n.elementor-heading-title{padding:0;margin:0;line-height:1}.elementor-widget-heading .elementor-heading-title[class*=elementor-size-]>a{color:inherit;font-size:inherit;line-height:inherit}.elementor-widget-heading .elementor-heading-title.elementor-size-small{font-size:15px}.elementor-widget-heading .elementor-heading-title.elementor-size-medium{font-size:19px}.elementor-widget-heading .elementor-heading-title.elementor-size-large{font-size:29px}.elementor-widget-heading .elementor-heading-title.elementor-size-xl{font-size:39px}.elementor-widget-heading .elementor-heading-title.elementor-size-xxl{font-size:59px}<\/style>\n<h2>Elige el plan que mejor se adapta a tus necesidades <\/h2>\n<table>\n<thead>\n<tr>\n<th><\/th>\n<th>Start$19<\/th>\n<th>Pro$35<\/th>\n<\/tr>\n<\/thead>\n<tbody>\n<tr>\n<td >Usuarios Gratuitos<\/td>\n<td>4 Usuarios<\/td>\n<td>10 Usuarios<\/td>\n<\/tr>\n<tr>\n<td >Conexi\u00f3n Gratuita a WhatsApp Web<\/td>\n<td>1 Conexi\u00f3n<\/td>\n<td>1 Conexi\u00f3n<\/td>\n<\/tr>\n<tr>\n<td >Conexi\u00f3n Adicional de WhatsApp Web<\/td>\n<td>&#8211;<\/td>\n<td>$15<\/td>\n<\/tr>\n<tr>\n<td >Conexi\u00f3n de WhatsApp API *<\/td>\n<td>&#8211;<\/td>\n<td>$15<\/td>\n<\/tr>\n<tr>\n<td >Conexi\u00f3n de Facebook e Instagram<\/td>\n<td>&#8211;<\/td>\n<td>$15<\/td>\n<\/tr>\n<tr>\n<td >Conexi\u00f3n de Telegrama<\/td>\n<td>&#8211;<\/td>\n<td>$10<\/td>\n<\/tr>\n<tr>\n<td >Gesti\u00f3n de Grupos de WhatsApp<\/td>\n<td>&#8211;<\/td>\n<td>$10<\/td>\n<\/tr>\n<tr>\n<td >Campa\u00f1a<\/td>\n<td>&#8211;<\/td>\n<td>$10<\/td>\n<\/tr>\n<tr>\n<td >CRM (beta) <\/td>\n<td>&#8211;<\/td>\n<td><\/td>\n<\/tr>\n<tr>\n<td >Generador de Chatbots Visuales (beta)<\/td>\n<td>&#8211;<\/td>\n<td><\/td>\n<\/tr>\n<tr>\n<td >Cartera de Clientes<\/td>\n<td>&#8211;<\/td>\n<td><\/td>\n<\/tr>\n<tr>\n<td >Integraci\u00f3n n8n<\/td>\n<td>&#8211;<\/td>\n<td><\/td>\n<\/tr>\n<tr>\n<td >Integraci\u00f3n de Typebot<\/td>\n<td>&#8211;<\/td>\n<td><\/td>\n<\/tr>\n<tr>\n<td >Usuarios Adicionales<\/td>\n<td>$5<\/td>\n<td>$3<\/td>\n<\/tr>\n<\/tbody>\n<tfoot>\n<tr>\n<th><\/th>\n<th><a href=\"https:\/\/chat.hubglobal.app\/signup\" target=\"_blank\" rel=\"noopener\">Prueba Gratis<\/a><\/th>\n<th><a href=\"https:\/\/chat.hubglobal.app\/signup\" target=\"_blank\" rel=\"noopener\">Prueba Gratis<\/a><\/th>\n<\/tr>\n<\/tfoot>\n<\/table>\n<p>*Setup: $25\/n\u00famero<\/p>\n<h3>Todos los planes incluyen<\/h3>\n<style>\/*! elementor - v3.21.0 - 08-05-2024 *\/\n.elementor-widget-image{text-align:center}.elementor-widget-image a{display:inline-block}.elementor-widget-image a img[src$=\".svg\"]{width:48px}.elementor-widget-image img{vertical-align:middle;display:inline-block}<\/style>\n<p>\t\t\t\t\t\t\t\t\t\t<img loading=\"lazy\" decoding=\"async\" width=\"110\" height=\"114\" src=\"https:\/\/mkt.hubglobalsolutions.com\/wp-content\/uploads\/2024\/03\/doodle11.svg\" alt=\"\" \/>\t\t\t\t\t\t\t\t\t\t\t\t\t<\/p>\n<ul>\n<li data-aria-posinset=\"1\" data-aria-level=\"2\">M\u00faltiples operadores <\/li>\n<li data-aria-posinset=\"2\" data-aria-level=\"2\">Mensajes ilimitados <\/li>\n<li data-aria-posinset=\"3\" data-aria-level=\"2\">Men\u00fa de chatbot <\/li>\n<li data-aria-posinset=\"4\" data-aria-level=\"2\">Respuestas r\u00e1pidas <\/li>\n<\/ul>\n<ul>\n<li data-aria-posinset=\"5\" data-aria-level=\"2\">Gesti\u00f3n Kanban <\/li>\n<li data-aria-posinset=\"6\" data-aria-level=\"2\">APIs e Webhooks <\/li>\n<li data-aria-posinset=\"7\" data-aria-level=\"2\">Chat interno <\/li>\n<li data-aria-posinset=\"8\" data-aria-level=\"2\">Colas de servicio ilimitadas <\/li>\n<\/ul>\n<ul>\n<li data-aria-posinset=\"9\" data-aria-level=\"2\">Programaci\u00f3n de mensajes <\/li>\n<li data-aria-posinset=\"10\" data-aria-level=\"2\">Tiempos de servicio por cola <\/li>\n<li data-aria-posinset=\"11\" data-aria-level=\"2\">Evaluaci\u00f3n del servicio <\/li>\n<li data-aria-posinset=\"12\" data-aria-level=\"2\">Paneles e informes <\/li>\n<\/ul>\n","protected":false},"excerpt":{"rendered":"<p>Simplifica tus servicios Disfrute de una prueba gratuita de 7 d\u00edas. No se requiere tarjeta de cr\u00e9dito. Prueba gratis Elige el plan que mejor se adapta a tus necesidades Start$19 Pro$35 Usuarios Gratuitos 4 Usuarios 10 Usuarios Conexi\u00f3n Gratuita a WhatsApp Web 1 Conexi\u00f3n 1 Conexi\u00f3n Conexi\u00f3n Adicional de WhatsApp Web &#8211; $15 Conexi\u00f3n de [&hellip;]<\/p>\n","protected":false},"author":2,"featured_media":0,"parent":0,"menu_order":0,"comment_status":"closed","ping_status":"closed","template":"","meta":{"footnotes":""},"class_list":["post-16602","page","type-page","status-publish","hentry"],"_links":{"self":[{"href":"https:\/\/mkt.hubglobalsolutions.com\/es\/wp-json\/wp\/v2\/pages\/16602","targetHints":{"allow":["GET"]}}],"collection":[{"href":"https:\/\/mkt.hubglobalsolutions.com\/es\/wp-json\/wp\/v2\/pages"}],"about":[{"href":"https:\/\/mkt.hubglobalsolutions.com\/es\/wp-json\/wp\/v2\/types\/page"}],"author":[{"embeddable":true,"href":"https:\/\/mkt.hubglobalsolutions.com\/es\/wp-json\/wp\/v2\/users\/2"}],"replies":[{"embeddable":true,"href":"https:\/\/mkt.hubglobalsolutions.com\/es\/wp-json\/wp\/v2\/comments?post=16602"}],"version-history":[{"count":13,"href":"https:\/\/mkt.hubglobalsolutions.com\/es\/wp-json\/wp\/v2\/pages\/16602\/revisions"}],"predecessor-version":[{"id":16751,"href":"https:\/\/mkt.hubglobalsolutions.com\/es\/wp-json\/wp\/v2\/pages\/16602\/revisions\/16751"}],"wp:attachment":[{"href":"https:\/\/mkt.hubglobalsolutions.com\/es\/wp-json\/wp\/v2\/media?parent=16602"}],"curies":[{"name":"wp","href":"https:\/\/api.w.org\/{rel}","templated":true}]}}