{"id":16613,"date":"2024-03-05T09:41:31","date_gmt":"2024-03-05T12:41:31","guid":{"rendered":"https:\/\/mkt.hubglobalsolutions.com\/chat\/"},"modified":"2024-06-05T16:56:27","modified_gmt":"2024-06-05T19:56:27","slug":"chat1","status":"publish","type":"page","link":"https:\/\/mkt.hubglobalsolutions.com\/es\/","title":{"rendered":"chat"},"content":{"rendered":"<style>\/*! elementor - v3.21.0 - 26-05-2024 *\/\n.elementor-widget-image{text-align:center}.elementor-widget-image a{display:inline-block}.elementor-widget-image a img[src$=\".svg\"]{width:48px}.elementor-widget-image img{vertical-align:middle;display:inline-block}<\/style>\n<p>\t\t\t\t\t\t\t\t\t\t<img loading=\"lazy\" decoding=\"async\" width=\"74\" height=\"72\" src=\"https:\/\/mkt.hubglobalsolutions.com\/wp-content\/uploads\/2024\/03\/doodle1.svg\" alt=\"\" \/><br \/>\n\t\t\t\t\t\t\t\t\t\t\t\t\t<img loading=\"lazy\" decoding=\"async\" width=\"152\" height=\"147\" src=\"https:\/\/mkt.hubglobalsolutions.com\/wp-content\/uploads\/2024\/03\/doodle2.svg\" alt=\"\" \/>\t\t\t\t\t\t\t\t\t\t\t\t\t<\/p>\n<style>\/*! elementor - v3.21.0 - 26-05-2024 *\/\n.elementor-heading-title{padding:0;margin:0;line-height:1}.elementor-widget-heading .elementor-heading-title[class*=elementor-size-]>a{color:inherit;font-size:inherit;line-height:inherit}.elementor-widget-heading .elementor-heading-title.elementor-size-small{font-size:15px}.elementor-widget-heading .elementor-heading-title.elementor-size-medium{font-size:19px}.elementor-widget-heading .elementor-heading-title.elementor-size-large{font-size:29px}.elementor-widget-heading .elementor-heading-title.elementor-size-xl{font-size:39px}.elementor-widget-heading .elementor-heading-title.elementor-size-xxl{font-size:59px}<\/style>\n<h1>Centraliza y automatiza tus interacciones<\/h1>\n<p>Automatiza tus servicios con chatbots e integra todos los canales corporativos: WhatsApp, Facebook, Instagram y Telegram, en una sola plataforma. <\/p>\n<style>svg{\n        vertical-align: middle;\n    }\n    .rounded-xl .plyr{\n        border-radius: 16px;\n    }\n    .gradient-7 {\n        background-image: linear-gradient(100deg,#605dba 20%,#3f78e0 85%);\n    }\n    .fs-60 {\n        font-size: calc(1.425rem + 2.1vw)!important;\n    }\n    .fs-50 .elementor-heading-title{\n        font-size: calc(1.375rem + 1.5vw)!important;\n    }\n    .ot-testimonial-wrap{\n        box-shadow: none;\n    }\n    blockquote.icon:before{\n        top: -18px;\n    }\n    .elementor-14859 .plyr__control--overlaid:focus, \n    .elementor-14859 .plyr__control--overlaid:hover,\n    .elementor-14859 .plyr--full-ui input[type=range]{\n        color: #605dba!important;\n    }\n    .elementor-14859 .plyr--video .plyr__control:hover{\n        background: #605dba!important;\n    }\n    @media (min-width: 992px){\n        .position-lg-sticky {\n            position: sticky;\n        }\n    }\n    @media (min-width: 1200px){\n        .fs-50 .elementor-heading-title{\n            font-size: 2.5rem!important;\n        }\n        .fs-60 {\n            font-size: 3rem!important;\n        }\n    }\n<\/style>\n<p>\t\t\t\t\t\t\t\t\t\t\t\t\t<img loading=\"lazy\" decoding=\"async\" width=\"800\" height=\"579\" src=\"https:\/\/mkt.hubglobalsolutions.com\/wp-content\/uploads\/2024\/04\/95608143.webp\" alt=\"\" srcset=\"https:\/\/mkt.hubglobalsolutions.com\/wp-content\/uploads\/2024\/04\/95608143.webp 800w, https:\/\/mkt.hubglobalsolutions.com\/wp-content\/uploads\/2024\/04\/95608143-300x217.webp 300w, https:\/\/mkt.hubglobalsolutions.com\/wp-content\/uploads\/2024\/04\/95608143-768x556.webp 768w\" sizes=\"auto, (max-width: 800px) 100vw, 800px\" \/><br \/>\n    <svg xmlns=\"http:\/\/www.w3.org\/2000\/svg\" viewbox=\"0 0 1440 100\">\n    <g fill=\"currentColor\">\n      <polygon points=\"1440 100 0 100 0 85 1440 0 1440 100\"><\/polygon>\n    <\/g>\n    <\/svg><br \/>\n\t        Plataforma de servicios multicanal\t        <\/p>\n<h3>Simplifica tus servicios<\/h3>\n<p>Centralice todos los canales de atenci\u00f3n al cliente en un solo lugar, distribuya las interacciones entre los sectores y equipos responsables y acelere el servicio con respuestas autom\u00e1ticas.  <\/p>\n<p>\t        Servicio omnicanal\t        <\/p>\n<h3>Integraci\u00f3n con varias plataformas sociales<\/h3>\n<p>Integre todos sus canales de comunicaci\u00f3n en un solo lugar para garantizar que ning\u00fan cliente quede sin respuesta, brindando un servicio de calidad y eficiente. <\/p>\n<p>\t\t\t\t\t\t\t\t\t\t\t\t\t<img loading=\"lazy\" decoding=\"async\" width=\"892\" height=\"672\" src=\"https:\/\/mkt.hubglobalsolutions.com\/wp-content\/uploads\/2024\/04\/9534975.webp\" alt=\"\" srcset=\"https:\/\/mkt.hubglobalsolutions.com\/wp-content\/uploads\/2024\/04\/9534975.webp 892w, https:\/\/mkt.hubglobalsolutions.com\/wp-content\/uploads\/2024\/04\/9534975-300x226.webp 300w, https:\/\/mkt.hubglobalsolutions.com\/wp-content\/uploads\/2024\/04\/9534975-768x579.webp 768w\" sizes=\"auto, (max-width: 892px) 100vw, 892px\" \/><br \/>\n\t\t\t\t\t\t\t\t\t\t\t\t\t<img loading=\"lazy\" decoding=\"async\" width=\"927\" height=\"800\" src=\"https:\/\/mkt.hubglobalsolutions.com\/wp-content\/uploads\/2024\/04\/9560831.webp\" alt=\"\" srcset=\"https:\/\/mkt.hubglobalsolutions.com\/wp-content\/uploads\/2024\/04\/9560831.webp 927w, https:\/\/mkt.hubglobalsolutions.com\/wp-content\/uploads\/2024\/04\/9560831-300x259.webp 300w, https:\/\/mkt.hubglobalsolutions.com\/wp-content\/uploads\/2024\/04\/9560831-768x663.webp 768w\" sizes=\"auto, (max-width: 927px) 100vw, 927px\" \/><br \/>\n\t        ChatBot e IA\t        <\/p>\n<h3>Automatizaci\u00f3n inteligente<\/h3>\n<p>Maximice la eficiencia de su servicio con nuestro sistema de chatbot integrado, capaz de responder autom\u00e1ticamente a preguntas frecuentes y liberar a sus agentes para demandas m\u00e1s complejas.<\/p>\n<p>\t        Campa\u00f1as\t        <\/p>\n<h3>Impulsa tus campa\u00f1as de marketing<\/h3>\n<p>Env\u00eda notificaciones, promociones y actualizaciones directamente a la aplicaci\u00f3n de mensajer\u00eda favorita de tus clientes.  <\/p>\n<p>\t\t\t\t\t\t\t\t\t\t\t\t\t<img loading=\"lazy\" decoding=\"async\" width=\"858\" height=\"704\" src=\"https:\/\/mkt.hubglobalsolutions.com\/wp-content\/uploads\/2024\/04\/9560824.webp\" alt=\"\" srcset=\"https:\/\/mkt.hubglobalsolutions.com\/wp-content\/uploads\/2024\/04\/9560824.webp 858w, https:\/\/mkt.hubglobalsolutions.com\/wp-content\/uploads\/2024\/04\/9560824-300x246.webp 300w, https:\/\/mkt.hubglobalsolutions.com\/wp-content\/uploads\/2024\/04\/9560824-768x630.webp 768w\" sizes=\"auto, (max-width: 858px) 100vw, 858px\" \/><br \/>\n\t        API\t        <\/p>\n<h3>Integraci\u00f3n con las Mejores Plataformas<\/h3>\n<p>A trav\u00e9s de la funci\u00f3n API, nuestra plataforma ofrece una integraci\u00f3n perfecta con las principales plataformas del mercado.<\/p>\n<p>\t\t\t\t\t\t\t\t\t\t\t\t\t<img loading=\"lazy\" decoding=\"async\" width=\"712\" height=\"569\" src=\"https:\/\/mkt.hubglobalsolutions.com\/wp-content\/uploads\/2024\/04\/9528686.webp\" alt=\"\" srcset=\"https:\/\/mkt.hubglobalsolutions.com\/wp-content\/uploads\/2024\/04\/9528686.webp 712w, https:\/\/mkt.hubglobalsolutions.com\/wp-content\/uploads\/2024\/04\/9528686-300x240.webp 300w\" sizes=\"auto, (max-width: 712px) 100vw, 712px\" \/>\t\t\t\t\t\t\t\t\t\t\t\t\t<\/p>\n<h2>Nuestros planes<\/h2>\n<p>Elige el plan que mejor se adapta a tus necesidades<\/p>\n<p>Disfrute de una <a href=\"https:\/\/chat.hubglobal.app\/signup\">prueba gratuita<\/a> de 7 d\u00edas. \u00a1No se requiere tarjeta de cr\u00e9dito!<\/p>\n<p>\t\t\t<a href=\"https:\/\/mkt.hubglobalsolutions.com\/es\/precios\/\"><br \/>\n\t\t\t\tVer todos los planes\t\t\t\t\t\t\t<\/a><\/p>\n<h4>\n\t\t\t\t\t\tPlano Start\t\t\t\t\t\t<\/h4>\n<p>\t\t\t\t\t\t\t&#36;<br \/>\n\t\t\t\t\t\t\t19<br \/>\n\t\t\t\t\t\t\t\/mes<br \/>\n\t\t\t\t\t\t\t&#36;<br \/>\n\t\t\t\t\t\t\t199<br \/>\n\t\t\t\t\t\t\t\/ano<\/p>\n<ul>\n<li>\n\t\t\t\t\t\t<strong>1<\/strong> WhatsApp\n\t\t\t\t\t<\/li>\n<li>\n\t\t\t\t\t\t<strong>4<\/strong> Usuarios\n\t\t\t\t\t<\/li>\n<li>\n\t\t\t\t\t\t<strong>\u221e<\/strong> ChatBot Menu\n\t\t\t\t\t<\/li>\n<li>\n\t\t\t\t\t\t<strong>\u221e<\/strong> Colas de servicio\n\t\t\t\t\t<\/li>\n<\/ul>\n<p>\t\t\t\t\t<a href=\"https:\/\/chat.hubglobal.app\/signup\" target=\"_blank\" rel=\"noopener\">Prueba gratis<\/a>\t\t\t\t<\/p>\n<h4>\n\t\t\t\t\t\tPlano Pro\t\t\t\t\t\t<\/h4>\n<p>\t\t\t\t\t\t\t&#36;<br \/>\n\t\t\t\t\t\t\t35<br \/>\n\t\t\t\t\t\t\t\/mes<br \/>\n\t\t\t\t\t\t\t&#36;<br \/>\n\t\t\t\t\t\t\t499<br \/>\n\t\t\t\t\t\t\t\/ano<\/p>\n<ul>\n<li>\n\t\t\t\t\t\t<strong>1<\/strong> WhatsApp\n\t\t\t\t\t<\/li>\n<li>\n\t\t\t\t\t\t<strong>10<\/strong> Usuarios\n\t\t\t\t\t<\/li>\n<li>\n\t\t\t\t\t\t<strong>\u221e<\/strong> ChatBot Menu\n\t\t\t\t\t<\/li>\n<li>\n\t\t\t\t\t\t<strong>\u221e<\/strong> Colas de servicio\n\t\t\t\t\t<\/li>\n<li>\n\t\t\t\t\t\t<strong>\u0394 <\/strong>Recursos adicionales\n\t\t\t\t\t<\/li>\n<\/ul>\n<p>\t\t\t\t\t<a href=\"https:\/\/chat.hubglobal.app\/signup\" target=\"_blank\" rel=\"noopener\">Prueba gratis<\/a><br \/>\n\t\t\t<a href=\"https:\/\/mkt.hubglobalsolutions.com\/es\/precios\/\"><br \/>\n\t\t\t\tVer todos los planes\t\t\t\t\t\t\t<\/a><br \/>\n\t\t\t\t\t\t\t\t\t\t\t\t\t<img loading=\"lazy\" decoding=\"async\" width=\"1400\" height=\"1080\" src=\"https:\/\/mkt.hubglobalsolutions.com\/wp-content\/uploads\/2024\/03\/home30-blurry.png\" alt=\"\" srcset=\"https:\/\/mkt.hubglobalsolutions.com\/wp-content\/uploads\/2024\/03\/home30-blurry.png 1400w, https:\/\/mkt.hubglobalsolutions.com\/wp-content\/uploads\/2024\/03\/home30-blurry-300x231.png 300w, https:\/\/mkt.hubglobalsolutions.com\/wp-content\/uploads\/2024\/03\/home30-blurry-1024x790.png 1024w, https:\/\/mkt.hubglobalsolutions.com\/wp-content\/uploads\/2024\/03\/home30-blurry-768x592.png 768w\" sizes=\"auto, (max-width: 1400px) 100vw, 1400px\" \/>\t\t\t\t\t\t\t\t\t\t\t\t\t<\/p>\n<h3>Todos los planes incluyen<\/h3>\n<p>\t\t\t\t\t\t\t\t\t\t\t\t\t<img loading=\"lazy\" decoding=\"async\" width=\"110\" height=\"114\" src=\"https:\/\/mkt.hubglobalsolutions.com\/wp-content\/uploads\/2024\/03\/doodle11.svg\" alt=\"\" \/>\t\t\t\t\t\t\t\t\t\t\t\t\t<\/p>\n<ul>\n<li data-aria-posinset=\"1\" data-aria-level=\"2\">M\u00faltiples operadores <\/li>\n<li data-aria-posinset=\"2\" data-aria-level=\"2\">Mensajes ilimitados <\/li>\n<li data-aria-posinset=\"3\" data-aria-level=\"2\">Men\u00fa de chatbot <\/li>\n<li data-aria-posinset=\"4\" data-aria-level=\"2\">Respuestas r\u00e1pidas <\/li>\n<\/ul>\n<ul>\n<li data-aria-posinset=\"5\" data-aria-level=\"2\">Gesti\u00f3n Kanban <\/li>\n<li data-aria-posinset=\"6\" data-aria-level=\"2\">APIs e Webhooks <\/li>\n<li data-aria-posinset=\"7\" data-aria-level=\"2\">Chat interno <\/li>\n<li data-aria-posinset=\"8\" data-aria-level=\"2\">Colas de servicio ilimitadas <\/li>\n<\/ul>\n<ul>\n<li data-aria-posinset=\"9\" data-aria-level=\"2\">Programaci\u00f3n de mensajes <\/li>\n<li data-aria-posinset=\"10\" data-aria-level=\"2\">Tiempos de servicio por cola <\/li>\n<li data-aria-posinset=\"11\" data-aria-level=\"2\">Evaluaci\u00f3n del servicio <\/li>\n<li data-aria-posinset=\"12\" data-aria-level=\"2\">Paneles e informes <\/li>\n<\/ul>\n<p>\t\t\t<a href=\"https:\/\/mkt.hubglobalsolutions.com\/es\/precios\/\"><br \/>\n\t\t\t\tCompara todos los planes\t\t\t\t\t\t\t<\/a><\/p>\n<h3>Transforme el servicio al cliente de su empresa hoy. \u00a1Pru\u00e9balo gratis! <\/h3>\n<p>\t\t\t<a href=\"https:\/\/chat.hubglobal.app\/signup\" target=\"_blank\" rel=\"noopener\"><br \/>\n\t\t\t\tPrueba gratis\t\t\t\t\t\t\t<\/a><\/p>\n<h3>Preguntas frecuentes<\/h3>\n<style>\/*! elementor - v3.21.0 - 26-05-2024 *\/\n.elementor-toggle{text-align:start}.elementor-toggle .elementor-tab-title{font-weight:700;line-height:1;margin:0;padding:15px;border-bottom:1px solid #d5d8dc;cursor:pointer;outline:none}.elementor-toggle .elementor-tab-title .elementor-toggle-icon{display:inline-block;width:1em}.elementor-toggle .elementor-tab-title .elementor-toggle-icon svg{margin-inline-start:-5px;width:1em;height:1em}.elementor-toggle .elementor-tab-title .elementor-toggle-icon.elementor-toggle-icon-right{float:right;text-align:right}.elementor-toggle .elementor-tab-title .elementor-toggle-icon.elementor-toggle-icon-left{float:left;text-align:left}.elementor-toggle .elementor-tab-title .elementor-toggle-icon .elementor-toggle-icon-closed{display:block}.elementor-toggle .elementor-tab-title .elementor-toggle-icon .elementor-toggle-icon-opened{display:none}.elementor-toggle .elementor-tab-title.elementor-active{border-bottom:none}.elementor-toggle .elementor-tab-title.elementor-active .elementor-toggle-icon-closed{display:none}.elementor-toggle .elementor-tab-title.elementor-active .elementor-toggle-icon-opened{display:block}.elementor-toggle .elementor-tab-content{padding:15px;border-bottom:1px solid #d5d8dc;display:none}@media (max-width:767px){.elementor-toggle .elementor-tab-title{padding:12px}.elementor-toggle .elementor-tab-content{padding:12px 10px}}.e-con-inner>.elementor-widget-toggle,.e-con>.elementor-widget-toggle{width:var(--container-widget-width);--flex-grow:var(--container-widget-flex-grow)}<\/style>\n<p>\t\t\t\t\t\t\t\t\t\t\t\t\t\t\t<svg viewBox=\"0 0 192 512\" xmlns=\"http:\/\/www.w3.org\/2000\/svg\"><path d=\"M0 384.662V127.338c0-17.818 21.543-26.741 34.142-14.142l128.662 128.662c7.81 7.81 7.81 20.474 0 28.284L34.142 398.804C21.543 411.404 0 402.48 0 384.662z\"><\/path><\/svg><br \/>\n\t\t\t\t\t\t\t\t<svg viewBox=\"0 0 320 512\" xmlns=\"http:\/\/www.w3.org\/2000\/svg\"><path d=\"M288.662 352H31.338c-17.818 0-26.741-21.543-14.142-34.142l128.662-128.662c7.81-7.81 20.474-7.81 28.284 0l128.662 128.662c12.6 12.599 3.676 34.142-14.142 34.142z\"><\/path><\/svg><br \/>\n\t\t\t\t\t\t\t\t\t\t\t\t<a tabindex=\"0\">\u00bfQu\u00e9 canales de comunicaci\u00f3n soporta la plataforma de servicios corporativos? <\/a><\/p>\n<p>Nuestra plataforma multicanal de servicios corporativos soporta una amplia variedad de canales de comunicaci\u00f3n, incluyendo las principales redes sociales: <strong>Instagram, Facebook, WhatsApp Web\/API, Telegram<\/strong> y <strong>API<\/strong> abierta para integraciones con otras plataformas como ERP (Business Management System) y CRM (Sales Funnel Control System). . Esto garantiza que sus clientes puedan ponerse en contacto como prefieran, mientras usted mantiene una vista unificada de todas las interacciones en un solo lugar. <\/p>\n<p><strong>En el futuro:<\/strong><\/p>\n<ul>\n<li>SMS<\/li>\n<li>E-mail<\/li>\n<li>Google Business<\/li>\n<li>Web Chat<\/li>\n<li>Youtube<\/li>\n<li>Tiktok<\/li>\n<li>Mercado Libre<\/li>\n<li>Shopee<\/li>\n<li>Shein<\/li>\n<\/ul>\n<p>\t\t\t\t\t\t\t\t\t\t\t\t\t\t\t<svg viewBox=\"0 0 192 512\" xmlns=\"http:\/\/www.w3.org\/2000\/svg\"><path d=\"M0 384.662V127.338c0-17.818 21.543-26.741 34.142-14.142l128.662 128.662c7.81 7.81 7.81 20.474 0 28.284L34.142 398.804C21.543 411.404 0 402.48 0 384.662z\"><\/path><\/svg><br \/>\n\t\t\t\t\t\t\t\t<svg viewBox=\"0 0 320 512\" xmlns=\"http:\/\/www.w3.org\/2000\/svg\"><path d=\"M288.662 352H31.338c-17.818 0-26.741-21.543-14.142-34.142l128.662-128.662c7.81-7.81 20.474-7.81 28.284 0l128.662 128.662c12.6 12.599 3.676 34.142-14.142 34.142z\"><\/path><\/svg><br \/>\n\t\t\t\t\t\t\t\t\t\t\t\t<a tabindex=\"0\">\u00bfCu\u00e1l es la diferencia entre la integraci\u00f3n de WhatsApp DIRECTA e INDIRECTA? <\/a><\/p>\n<p>La integraci\u00f3n de WhatsApp se puede realizar de dos formas: integraci\u00f3n directa e integraci\u00f3n indirecta.  <\/p>\n<p><b>Integraci\u00f3n directa:<\/b> Para la integraci\u00f3n directa, utilizamos la API oficial que ofrece WhatsApp. Esto nos permite conectar la plataforma de atenci\u00f3n al cliente directamente a WhatsApp, ofreciendo una experiencia confiable y segura para ti y tus clientes. Podemos automatizar mensajes, recibir notificaciones e interactuar de forma personalizada. Sin embargo, es importante saber que la integraci\u00f3n directa implica tarifas adicionales por las conversaciones recibidas con Meta (anteriormente Facebook) para mantener activa la API de integraci\u00f3n oficial. Esta es la opci\u00f3n m\u00e1s s\u00f3lida y profesional, garantizando un servicio eficaz a sus clientes.  <\/p>\n<p><b>Integraci\u00f3n indirecta:<\/b> La integraci\u00f3n indirecta se produce a trav\u00e9s de un emulador con WhatsApp Web. Aunque es una alternativa m\u00e1s asequible, WhatsApp no \u200b\u200bla admite oficialmente. Esto significa que existen riesgos de desconexi\u00f3n y reconexi\u00f3n y algunas inestabilidades, pero la ventaja es que no hay costos extra, ya que los recursos utilizados son los que ya soporta WhatsApp Web.  <\/p>\n<p>\t\t\t\t\t\t\t\t\t\t\t\t\t\t\t<svg viewBox=\"0 0 192 512\" xmlns=\"http:\/\/www.w3.org\/2000\/svg\"><path d=\"M0 384.662V127.338c0-17.818 21.543-26.741 34.142-14.142l128.662 128.662c7.81 7.81 7.81 20.474 0 28.284L34.142 398.804C21.543 411.404 0 402.48 0 384.662z\"><\/path><\/svg><br \/>\n\t\t\t\t\t\t\t\t<svg viewBox=\"0 0 320 512\" xmlns=\"http:\/\/www.w3.org\/2000\/svg\"><path d=\"M288.662 352H31.338c-17.818 0-26.741-21.543-14.142-34.142l128.662-128.662c7.81-7.81 20.474-7.81 28.284 0l128.662 128.662c12.6 12.599 3.676 34.142-14.142 34.142z\"><\/path><\/svg><br \/>\n\t\t\t\t\t\t\t\t\t\t\t\t<a tabindex=\"0\">\u00bfEs posible integrar la plataforma de atenci\u00f3n multicanal con otros sistemas utilizados por mi empresa?<\/a><\/p>\n<p>S\u00ed, nuestra plataforma de servicios corporativos es altamente flexible y est\u00e1 dise\u00f1ada para integrarse con varios sistemas utilizados en su empresa a trav\u00e9s de nuestra API abierta. Esto incluye sistemas CRM (gesti\u00f3n de relaciones con el cliente), sistemas de gesti\u00f3n de tickets, herramientas de an\u00e1lisis de datos y m\u00e1s. La integraci\u00f3n permite un intercambio continuo de informaci\u00f3n entre plataformas, lo que permite a su equipo tener una vista completa del historial del cliente y tomar decisiones m\u00e1s informadas. Adem\u00e1s, la integraci\u00f3n optimiza el flujo de trabajo, evitando la duplicaci\u00f3n de esfuerzos y garantizando la coherencia de la informaci\u00f3n en toda la organizaci\u00f3n. <\/p>\n<p>\t\t\t\t\t\t\t\t\t\t\t\t\t\t\t<svg viewBox=\"0 0 192 512\" xmlns=\"http:\/\/www.w3.org\/2000\/svg\"><path d=\"M0 384.662V127.338c0-17.818 21.543-26.741 34.142-14.142l128.662 128.662c7.81 7.81 7.81 20.474 0 28.284L34.142 398.804C21.543 411.404 0 402.48 0 384.662z\"><\/path><\/svg><br \/>\n\t\t\t\t\t\t\t\t<svg viewBox=\"0 0 320 512\" xmlns=\"http:\/\/www.w3.org\/2000\/svg\"><path d=\"M288.662 352H31.338c-17.818 0-26.741-21.543-14.142-34.142l128.662-128.662c7.81-7.81 20.474-7.81 28.284 0l128.662 128.662c12.6 12.599 3.676 34.142-14.142 34.142z\"><\/path><\/svg><br \/>\n\t\t\t\t\t\t\t\t\t\t\t\t<a tabindex=\"0\">\u00bfC\u00f3mo garantiza la plataforma la seguridad y privacidad de los datos de los clientes durante el servicio? <\/a><\/p>\n<p>A seguran\u00e7a e a privacidade dos dados dos clientes s\u00e3o prioridades em nossa plataforma de atendimento. Implementamos estrictas medidas de ciberseguridad, cifrando las comunicaciones entre el cliente y la plataforma, as\u00ed como almacenando los datos en servidores seguros. Adem\u00e1s, nuestra plataforma cumple con la normativa de protecci\u00f3n de datos como GDPR (Reglamento General de Protecci\u00f3n de Datos) o LGPD (Ley General de Protecci\u00f3n de Datos), asegurando que la informaci\u00f3n de los clientes sea tratada de forma adecuada y \u00e9tica.  <\/p>\n","protected":false},"excerpt":{"rendered":"<p>Centraliza y automatiza tus interacciones Automatiza tus servicios con chatbots e integra todos los canales corporativos: WhatsApp, Facebook, Instagram y Telegram, en una sola plataforma. Plataforma de servicios multicanal Simplifica tus servicios Centralice todos los canales de atenci\u00f3n al cliente en un solo lugar, distribuya las interacciones entre los sectores y equipos responsables y acelere [&hellip;]<\/p>\n","protected":false},"author":2,"featured_media":0,"parent":0,"menu_order":0,"comment_status":"closed","ping_status":"closed","template":"","meta":{"footnotes":""},"class_list":["post-16613","page","type-page","status-publish","hentry"],"_links":{"self":[{"href":"https:\/\/mkt.hubglobalsolutions.com\/es\/wp-json\/wp\/v2\/pages\/16613","targetHints":{"allow":["GET"]}}],"collection":[{"href":"https:\/\/mkt.hubglobalsolutions.com\/es\/wp-json\/wp\/v2\/pages"}],"about":[{"href":"https:\/\/mkt.hubglobalsolutions.com\/es\/wp-json\/wp\/v2\/types\/page"}],"author":[{"embeddable":true,"href":"https:\/\/mkt.hubglobalsolutions.com\/es\/wp-json\/wp\/v2\/users\/2"}],"replies":[{"embeddable":true,"href":"https:\/\/mkt.hubglobalsolutions.com\/es\/wp-json\/wp\/v2\/comments?post=16613"}],"version-history":[{"count":16,"href":"https:\/\/mkt.hubglobalsolutions.com\/es\/wp-json\/wp\/v2\/pages\/16613\/revisions"}],"predecessor-version":[{"id":16803,"href":"https:\/\/mkt.hubglobalsolutions.com\/es\/wp-json\/wp\/v2\/pages\/16613\/revisions\/16803"}],"wp:attachment":[{"href":"https:\/\/mkt.hubglobalsolutions.com\/es\/wp-json\/wp\/v2\/media?parent=16613"}],"curies":[{"name":"wp","href":"https:\/\/api.w.org\/{rel}","templated":true}]}}