{"id":16552,"date":"2024-03-05T09:41:31","date_gmt":"2024-03-05T12:41:31","guid":{"rendered":"https:\/\/mkt.hubglobalsolutions.com\/chat\/"},"modified":"2024-06-05T16:54:08","modified_gmt":"2024-06-05T19:54:08","slug":"chat","status":"publish","type":"page","link":"https:\/\/mkt.hubglobalsolutions.com\/pt-br\/","title":{"rendered":"chat"},"content":{"rendered":"<style>\/*! elementor - v3.21.0 - 26-05-2024 *\/\n.elementor-widget-image{text-align:center}.elementor-widget-image a{display:inline-block}.elementor-widget-image a img[src$=\".svg\"]{width:48px}.elementor-widget-image img{vertical-align:middle;display:inline-block}<\/style>\n<p>\t\t\t\t\t\t\t\t\t\t<img loading=\"lazy\" decoding=\"async\" width=\"74\" height=\"72\" src=\"https:\/\/mkt.hubglobalsolutions.com\/wp-content\/uploads\/2024\/03\/doodle1.svg\" alt=\"\" \/><br \/>\n\t\t\t\t\t\t\t\t\t\t\t\t\t<img loading=\"lazy\" decoding=\"async\" width=\"152\" height=\"147\" src=\"https:\/\/mkt.hubglobalsolutions.com\/wp-content\/uploads\/2024\/03\/doodle2.svg\" alt=\"\" \/>\t\t\t\t\t\t\t\t\t\t\t\t\t<\/p>\n<style>\/*! elementor - v3.21.0 - 26-05-2024 *\/\n.elementor-heading-title{padding:0;margin:0;line-height:1}.elementor-widget-heading .elementor-heading-title[class*=elementor-size-]>a{color:inherit;font-size:inherit;line-height:inherit}.elementor-widget-heading .elementor-heading-title.elementor-size-small{font-size:15px}.elementor-widget-heading .elementor-heading-title.elementor-size-medium{font-size:19px}.elementor-widget-heading .elementor-heading-title.elementor-size-large{font-size:29px}.elementor-widget-heading .elementor-heading-title.elementor-size-xl{font-size:39px}.elementor-widget-heading .elementor-heading-title.elementor-size-xxl{font-size:59px}<\/style>\n<h1>Centralize e Automatize suas Intera\u00e7\u00f5es<\/h1>\n<p>Automatize seus atendimentos com chatbots e integre todos os canais corporativos &#8211; WhatsApp, Facebook, Instagram e Telegram, em uma \u00fanica plataforma. <\/p>\n<style>svg{\n        vertical-align: middle;\n    }\n    .rounded-xl .plyr{\n        border-radius: 16px;\n    }\n    .gradient-7 {\n        background-image: linear-gradient(100deg,#605dba 20%,#3f78e0 85%);\n    }\n    .fs-60 {\n        font-size: calc(1.425rem + 2.1vw)!important;\n    }\n    .fs-50 .elementor-heading-title{\n        font-size: calc(1.375rem + 1.5vw)!important;\n    }\n    .ot-testimonial-wrap{\n        box-shadow: none;\n    }\n    blockquote.icon:before{\n        top: -18px;\n    }\n    .elementor-14859 .plyr__control--overlaid:focus, \n    .elementor-14859 .plyr__control--overlaid:hover,\n    .elementor-14859 .plyr--full-ui input[type=range]{\n        color: #605dba!important;\n    }\n    .elementor-14859 .plyr--video .plyr__control:hover{\n        background: #605dba!important;\n    }\n    @media (min-width: 992px){\n        .position-lg-sticky {\n            position: sticky;\n        }\n    }\n    @media (min-width: 1200px){\n        .fs-50 .elementor-heading-title{\n            font-size: 2.5rem!important;\n        }\n        .fs-60 {\n            font-size: 3rem!important;\n        }\n    }\n<\/style>\n<p>\t\t\t\t\t\t\t\t\t\t\t\t\t<img loading=\"lazy\" decoding=\"async\" width=\"800\" height=\"579\" src=\"https:\/\/mkt.hubglobalsolutions.com\/wp-content\/uploads\/2024\/04\/95608143.webp\" alt=\"\" srcset=\"https:\/\/mkt.hubglobalsolutions.com\/wp-content\/uploads\/2024\/04\/95608143.webp 800w, https:\/\/mkt.hubglobalsolutions.com\/wp-content\/uploads\/2024\/04\/95608143-300x217.webp 300w, https:\/\/mkt.hubglobalsolutions.com\/wp-content\/uploads\/2024\/04\/95608143-768x556.webp 768w\" sizes=\"auto, (max-width: 800px) 100vw, 800px\" \/><br \/>\n    <svg xmlns=\"http:\/\/www.w3.org\/2000\/svg\" viewbox=\"0 0 1440 100\">\n    <g fill=\"currentColor\">\n      <polygon points=\"1440 100 0 100 0 85 1440 0 1440 100\"><\/polygon>\n    <\/g>\n    <\/svg><br \/>\n\t        Plataforma de Atendimento Multicanal\t        <\/p>\n<h3>Simplifique seus Atendimentos<\/h3>\n<p>Centralize todos os canais de atendimento ao cliente em um \u00fanico lugar, distribua as intera\u00e7\u00f5es por setores e equipes respons\u00e1veis, e agilize o atendimento com respostas autom\u00e1ticas.  <\/p>\n<p>\t        Atendimento Omnichanne\t        <\/p>\n<h3>Integra\u00e7\u00e3o com Diversas Plataformas Sociais<\/h3>\n<p>Integre todos os seus canais de comunica\u00e7\u00e3o em um \u00fanico local para garantir que nenhum cliente fique sem resposta, proporcionando um atendimento de qualidade e efici\u00eancia. <\/p>\n<p>\t\t\t\t\t\t\t\t\t\t\t\t\t<img loading=\"lazy\" decoding=\"async\" width=\"892\" height=\"672\" src=\"https:\/\/mkt.hubglobalsolutions.com\/wp-content\/uploads\/2024\/04\/9534975.webp\" alt=\"\" srcset=\"https:\/\/mkt.hubglobalsolutions.com\/wp-content\/uploads\/2024\/04\/9534975.webp 892w, https:\/\/mkt.hubglobalsolutions.com\/wp-content\/uploads\/2024\/04\/9534975-300x226.webp 300w, https:\/\/mkt.hubglobalsolutions.com\/wp-content\/uploads\/2024\/04\/9534975-768x579.webp 768w\" sizes=\"auto, (max-width: 892px) 100vw, 892px\" \/><br \/>\n\t\t\t\t\t\t\t\t\t\t\t\t\t<img loading=\"lazy\" decoding=\"async\" width=\"927\" height=\"800\" src=\"https:\/\/mkt.hubglobalsolutions.com\/wp-content\/uploads\/2024\/04\/9560831.webp\" alt=\"\" srcset=\"https:\/\/mkt.hubglobalsolutions.com\/wp-content\/uploads\/2024\/04\/9560831.webp 927w, https:\/\/mkt.hubglobalsolutions.com\/wp-content\/uploads\/2024\/04\/9560831-300x259.webp 300w, https:\/\/mkt.hubglobalsolutions.com\/wp-content\/uploads\/2024\/04\/9560831-768x663.webp 768w\" sizes=\"auto, (max-width: 927px) 100vw, 927px\" \/><br \/>\n\t        ChatBot e IA\t        <\/p>\n<h3>Automatiza\u00e7\u00e3o Inteligente<\/h3>\n<p>Maximize a efici\u00eancia do seu atendimento com nosso sistema de chatbot integrado, capaz de responder automaticamente \u00e0s perguntas frequentes e liberar seus atendentes para demandas mais complexas.<\/p>\n<p>\t        Campanhas\t        <\/p>\n<h3>Impulsione suas campanhas de marketing<\/h3>\n<p>Envie notifica\u00e7\u00f5es, promo\u00e7\u00f5es e atualiza\u00e7\u00f5es diretamente o aplicativo de mensagem preferido dos seus clientes.  <\/p>\n<p>\t\t\t\t\t\t\t\t\t\t\t\t\t<img loading=\"lazy\" decoding=\"async\" width=\"858\" height=\"704\" src=\"https:\/\/mkt.hubglobalsolutions.com\/wp-content\/uploads\/2024\/04\/9560824.webp\" alt=\"\" srcset=\"https:\/\/mkt.hubglobalsolutions.com\/wp-content\/uploads\/2024\/04\/9560824.webp 858w, https:\/\/mkt.hubglobalsolutions.com\/wp-content\/uploads\/2024\/04\/9560824-300x246.webp 300w, https:\/\/mkt.hubglobalsolutions.com\/wp-content\/uploads\/2024\/04\/9560824-768x630.webp 768w\" sizes=\"auto, (max-width: 858px) 100vw, 858px\" \/><br \/>\n\t        API\t        <\/p>\n<h3>Integra\u00e7\u00e3o com as Melhores Plataformas<\/h3>\n<p>Atrav\u00e9s do recurso de API, nossa plataforma oferece integra\u00e7\u00e3o perfeita com as principais plataformas do mercado.<\/p>\n<p>\t\t\t\t\t\t\t\t\t\t\t\t\t<img loading=\"lazy\" decoding=\"async\" width=\"712\" height=\"569\" src=\"https:\/\/mkt.hubglobalsolutions.com\/wp-content\/uploads\/2024\/04\/9528686.webp\" alt=\"\" srcset=\"https:\/\/mkt.hubglobalsolutions.com\/wp-content\/uploads\/2024\/04\/9528686.webp 712w, https:\/\/mkt.hubglobalsolutions.com\/wp-content\/uploads\/2024\/04\/9528686-300x240.webp 300w\" sizes=\"auto, (max-width: 712px) 100vw, 712px\" \/>\t\t\t\t\t\t\t\t\t\t\t\t\t<\/p>\n<h2>Nossos Planos<\/h2>\n<p>Escolha o plano que melhor se adapta \u00e0s suas necessidades<\/p>\n<p>Aproveite um <a href=\"https:\/\/chat.hubglobal.app\/signup\">teste gratuito<\/a> de 7 dias. N\u00e3o \u00e9 necess\u00e1rio cart\u00e3o de cr\u00e9dito!<\/p>\n<p>\t\t\t<a href=\"https:\/\/mkt.hubglobalsolutions.com\/pt-br\/precos\/\"><br \/>\n\t\t\t\tVer todos os planos\t\t\t\t\t\t\t<\/a><\/p>\n<h4>\n\t\t\t\t\t\tPlano B\u00e1sico\t\t\t\t\t\t<\/h4>\n<p>\t\t\t\t\t\t\t&#36;<br \/>\n\t\t\t\t\t\t\t19<br \/>\n\t\t\t\t\t\t\t\/m\u00eas<br \/>\n\t\t\t\t\t\t\t&#36;<br \/>\n\t\t\t\t\t\t\t199<br \/>\n\t\t\t\t\t\t\t\/ano<\/p>\n<ul>\n<li>\n\t\t\t\t\t\t<strong>1<\/strong> WhatsApp\n\t\t\t\t\t<\/li>\n<li>\n\t\t\t\t\t\t<strong>4<\/strong> Usu\u00e1rios\n\t\t\t\t\t<\/li>\n<li>\n\t\t\t\t\t\t<strong>\u221e<\/strong> ChatBot Menu\n\t\t\t\t\t<\/li>\n<li>\n\t\t\t\t\t\t<strong>\u221e<\/strong> Filas de Atendimento\n\t\t\t\t\t<\/li>\n<\/ul>\n<p>\t\t\t\t\t<a href=\"https:\/\/chat.hubglobal.app\/signup\" target=\"_blank\" rel=\"noopener\">Teste Gr\u00e1tes<\/a>\t\t\t\t<\/p>\n<h4>\n\t\t\t\t\t\tPlano Pro\t\t\t\t\t\t<\/h4>\n<p>\t\t\t\t\t\t\t&#36;<br \/>\n\t\t\t\t\t\t\t35<br \/>\n\t\t\t\t\t\t\t\/m\u00eas<br \/>\n\t\t\t\t\t\t\t&#36;<br \/>\n\t\t\t\t\t\t\t499<br \/>\n\t\t\t\t\t\t\t\/ano<\/p>\n<ul>\n<li>\n\t\t\t\t\t\t<strong>1<\/strong> WhatsApp\n\t\t\t\t\t<\/li>\n<li>\n\t\t\t\t\t\t<strong>10<\/strong> Usu\u00e1rios\n\t\t\t\t\t<\/li>\n<li>\n\t\t\t\t\t\t<strong>\u221e<\/strong> ChatBot Menu\n\t\t\t\t\t<\/li>\n<li>\n\t\t\t\t\t\t<strong>\u221e<\/strong> Filas de Atendimento\n\t\t\t\t\t<\/li>\n<li>\n\t\t\t\t\t\t<strong>\u0394 <\/strong> Recursos Adicionais\n\t\t\t\t\t<\/li>\n<\/ul>\n<p>\t\t\t\t\t<a href=\"https:\/\/chat.hubglobal.app\/signup\" target=\"_blank\" rel=\"noopener\">Teste Gr\u00e1tis<\/a><br \/>\n\t\t\t<a href=\"https:\/\/mkt.hubglobalsolutions.com\/pt-br\/precos\/\"><br \/>\n\t\t\t\tVer todos os planos\t\t\t\t\t\t\t<\/a><br \/>\n\t\t\t\t\t\t\t\t\t\t\t\t\t<img loading=\"lazy\" decoding=\"async\" width=\"1400\" height=\"1080\" src=\"https:\/\/mkt.hubglobalsolutions.com\/wp-content\/uploads\/2024\/03\/home30-blurry.png\" alt=\"\" srcset=\"https:\/\/mkt.hubglobalsolutions.com\/wp-content\/uploads\/2024\/03\/home30-blurry.png 1400w, https:\/\/mkt.hubglobalsolutions.com\/wp-content\/uploads\/2024\/03\/home30-blurry-300x231.png 300w, https:\/\/mkt.hubglobalsolutions.com\/wp-content\/uploads\/2024\/03\/home30-blurry-1024x790.png 1024w, https:\/\/mkt.hubglobalsolutions.com\/wp-content\/uploads\/2024\/03\/home30-blurry-768x592.png 768w\" sizes=\"auto, (max-width: 1400px) 100vw, 1400px\" \/>\t\t\t\t\t\t\t\t\t\t\t\t\t<\/p>\n<h3>Todos os planos incluem<\/h3>\n<p>\t\t\t\t\t\t\t\t\t\t\t\t\t<img loading=\"lazy\" decoding=\"async\" width=\"110\" height=\"114\" src=\"https:\/\/mkt.hubglobalsolutions.com\/wp-content\/uploads\/2024\/03\/doodle11.svg\" alt=\"\" \/>\t\t\t\t\t\t\t\t\t\t\t\t\t<\/p>\n<ul>\n<li data-aria-posinset=\"1\" data-aria-level=\"2\">M\u00faltiplos operadores <\/li>\n<li data-aria-posinset=\"2\" data-aria-level=\"2\">Mensagens ilimitadas <\/li>\n<li data-aria-posinset=\"3\" data-aria-level=\"2\">Menu de Chatbot <\/li>\n<li data-aria-posinset=\"4\" data-aria-level=\"2\">Respostas r\u00e1pidas <\/li>\n<\/ul>\n<ul>\n<li data-aria-posinset=\"5\" data-aria-level=\"2\">Gerenciamento Kanban <\/li>\n<li data-aria-posinset=\"6\" data-aria-level=\"2\">APIs e Webhooks <\/li>\n<li data-aria-posinset=\"7\" data-aria-level=\"2\">Chat interno <\/li>\n<li data-aria-posinset=\"8\" data-aria-level=\"2\">Filas de Atendimento ilimitadas <\/li>\n<\/ul>\n<ul>\n<li data-aria-posinset=\"9\" data-aria-level=\"2\">Agendamento de mensagens <\/li>\n<li data-aria-posinset=\"10\" data-aria-level=\"2\">Hor\u00e1rios de atendimento por fila <\/li>\n<li data-aria-posinset=\"11\" data-aria-level=\"2\">Avalia\u00e7\u00e3o de Atendimento <\/li>\n<li data-aria-posinset=\"12\" data-aria-level=\"2\">Dashboards e Relat\u00f3rios <\/li>\n<\/ul>\n<p>\t\t\t<a href=\"https:\/\/mkt.hubglobalsolutions.com\/pt-br\/precos\/\"><br \/>\n\t\t\t\tCompara todos os planos\t\t\t\t\t\t\t<\/a><\/p>\n<h3>Transforme o atendimento ao cliente da sua empresa hoje mesmo. Experimente gr\u00e1tis! <\/h3>\n<p>\t\t\t<a href=\"https:\/\/chat.hubglobal.app\/signup\" target=\"_blank\" rel=\"noopener\"><br \/>\n\t\t\t\tTeste Gr\u00e1tis\t\t\t\t\t\t\t<\/a><\/p>\n<h3>Duvidas frequentes<\/h3>\n<style>\/*! elementor - v3.21.0 - 26-05-2024 *\/\n.elementor-toggle{text-align:start}.elementor-toggle .elementor-tab-title{font-weight:700;line-height:1;margin:0;padding:15px;border-bottom:1px solid #d5d8dc;cursor:pointer;outline:none}.elementor-toggle .elementor-tab-title .elementor-toggle-icon{display:inline-block;width:1em}.elementor-toggle .elementor-tab-title .elementor-toggle-icon svg{margin-inline-start:-5px;width:1em;height:1em}.elementor-toggle .elementor-tab-title .elementor-toggle-icon.elementor-toggle-icon-right{float:right;text-align:right}.elementor-toggle .elementor-tab-title .elementor-toggle-icon.elementor-toggle-icon-left{float:left;text-align:left}.elementor-toggle .elementor-tab-title .elementor-toggle-icon .elementor-toggle-icon-closed{display:block}.elementor-toggle .elementor-tab-title .elementor-toggle-icon .elementor-toggle-icon-opened{display:none}.elementor-toggle .elementor-tab-title.elementor-active{border-bottom:none}.elementor-toggle .elementor-tab-title.elementor-active .elementor-toggle-icon-closed{display:none}.elementor-toggle .elementor-tab-title.elementor-active .elementor-toggle-icon-opened{display:block}.elementor-toggle .elementor-tab-content{padding:15px;border-bottom:1px solid #d5d8dc;display:none}@media (max-width:767px){.elementor-toggle .elementor-tab-title{padding:12px}.elementor-toggle .elementor-tab-content{padding:12px 10px}}.e-con-inner>.elementor-widget-toggle,.e-con>.elementor-widget-toggle{width:var(--container-widget-width);--flex-grow:var(--container-widget-flex-grow)}<\/style>\n<p>\t\t\t\t\t\t\t\t\t\t\t\t\t\t\t<svg viewBox=\"0 0 192 512\" xmlns=\"http:\/\/www.w3.org\/2000\/svg\"><path d=\"M0 384.662V127.338c0-17.818 21.543-26.741 34.142-14.142l128.662 128.662c7.81 7.81 7.81 20.474 0 28.284L34.142 398.804C21.543 411.404 0 402.48 0 384.662z\"><\/path><\/svg><br \/>\n\t\t\t\t\t\t\t\t<svg viewBox=\"0 0 320 512\" xmlns=\"http:\/\/www.w3.org\/2000\/svg\"><path d=\"M288.662 352H31.338c-17.818 0-26.741-21.543-14.142-34.142l128.662-128.662c7.81-7.81 20.474-7.81 28.284 0l128.662 128.662c12.6 12.599 3.676 34.142-14.142 34.142z\"><\/path><\/svg><br \/>\n\t\t\t\t\t\t\t\t\t\t\t\t<a tabindex=\"0\">Quais canais de comunica\u00e7\u00e3o s\u00e3o suportados pela plataforma de atendimento corporativo? <\/a><\/p>\n<p>Nossa plataforma de atendimento corporativo de multicanal suporta uma ampla variedade de canais de comunica\u00e7\u00e3o, incluindo as principais redes sociais: <strong>Instagram, Facebook, WhatsApp Web, WhatsApp API, Telegram<\/strong> e <strong>API<\/strong> aberta para integra\u00e7\u00f5es com outras plataformas como por exemplo ERP (Sistema de Gest\u00e3o Empresarial) e CRM (Sistema para Controle de Funil de Vendas). Isso garante que seus clientes possam entrar em contato da maneira que preferirem, enquanto voc\u00ea mant\u00e9m uma vis\u00e3o unificada de todas as intera\u00e7\u00f5es em um \u00fanico lugar. <\/p>\n<p><strong>Em breve:<\/strong><\/p>\n<ul>\n<li>SMS<\/li>\n<li>E-mail<\/li>\n<li>Google Business<\/li>\n<li>Web Chat<\/li>\n<li>Youtube<\/li>\n<li>Tiktok<\/li>\n<li>Mercado Libre<\/li>\n<li>Shopee<\/li>\n<li>Shein<\/li>\n<\/ul>\n<p>\u00a0<br \/>\n\t\t\t\t\t\t\t\t\t\t\t\t\t\t\t<svg viewBox=\"0 0 192 512\" xmlns=\"http:\/\/www.w3.org\/2000\/svg\"><path d=\"M0 384.662V127.338c0-17.818 21.543-26.741 34.142-14.142l128.662 128.662c7.81 7.81 7.81 20.474 0 28.284L34.142 398.804C21.543 411.404 0 402.48 0 384.662z\"><\/path><\/svg><br \/>\n\t\t\t\t\t\t\t\t<svg viewBox=\"0 0 320 512\" xmlns=\"http:\/\/www.w3.org\/2000\/svg\"><path d=\"M288.662 352H31.338c-17.818 0-26.741-21.543-14.142-34.142l128.662-128.662c7.81-7.81 20.474-7.81 28.284 0l128.662 128.662c12.6 12.599 3.676 34.142-14.142 34.142z\"><\/path><\/svg><br \/>\n\t\t\t\t\t\t\t\t\t\t\t\t<a tabindex=\"0\">Qual \u00e9 a diferen\u00e7a entre Integra\u00e7\u00e3o DIRETA e INDIRETA do WhatsApp? <\/a><\/p>\n<p>A integra\u00e7\u00e3o do WhatsApp pode ser realizada de duas maneiras: integra\u00e7\u00e3o direta e integra\u00e7\u00e3o indireta.  <\/p>\n<p><b>Integra\u00e7\u00e3o Direta:<\/b> Na integra\u00e7\u00e3o direta, utilizamos a API oficial oferecida pelo WhatsApp. Isso nos permite conectar no plataforma de atendimento diretamente ao WhatsApp, oferecendo uma experi\u00eancia confi\u00e1vel e segura para voc\u00ea e seus clientes. Podemos automatizar mensagens, receber notifica\u00e7\u00f5es e interagir de maneira personalizada. No entanto, \u00e9 importante saber que a integra\u00e7\u00e3o direta envolve taxas adicionais para as conversas recebidas junto \u00e0 Meta (antigo Facebook) para manter ativa a API oficial de integra\u00e7\u00e3o. Essa \u00e9 a op\u00e7\u00e3o mais robusta e profissional, garantindo um atendimento eficaz aos seus clientes.  <\/p>\n<p><b>Integra\u00e7\u00e3o Indireta:<\/b> A integra\u00e7\u00e3o indireta ocorre por meio de emulador com o WhatsApp Web. Embora seja uma alternativa mais acess\u00edvel, n\u00e3o \u00e9 oficialmente suportada pelo WhatsApp. Isso significa que h\u00e1 riscos de desconex\u00e3o e re-conex\u00e3o e algumas instabilidades, mas a vantagem \u00e9 que n\u00e3o h\u00e1 custos extras, visto que os recursos utilizados s\u00e3o aqueles j\u00e1 suportados pelo WhatsApp Web.  <\/p>\n<p>\t\t\t\t\t\t\t\t\t\t\t\t\t\t\t<svg viewBox=\"0 0 192 512\" xmlns=\"http:\/\/www.w3.org\/2000\/svg\"><path d=\"M0 384.662V127.338c0-17.818 21.543-26.741 34.142-14.142l128.662 128.662c7.81 7.81 7.81 20.474 0 28.284L34.142 398.804C21.543 411.404 0 402.48 0 384.662z\"><\/path><\/svg><br \/>\n\t\t\t\t\t\t\t\t<svg viewBox=\"0 0 320 512\" xmlns=\"http:\/\/www.w3.org\/2000\/svg\"><path d=\"M288.662 352H31.338c-17.818 0-26.741-21.543-14.142-34.142l128.662-128.662c7.81-7.81 20.474-7.81 28.284 0l128.662 128.662c12.6 12.599 3.676 34.142-14.142 34.142z\"><\/path><\/svg><br \/>\n\t\t\t\t\t\t\t\t\t\t\t\t<a tabindex=\"0\">\u00c9 poss\u00edvel integrar a plataforma de atendimento multicanal com outros sistemas utilizados pela minha empresa?<\/a><\/p>\n<p>Sim, nossa plataforma de atendimento corporativo \u00e9 altamente flex\u00edvel e projetada para integra\u00e7\u00e3o com diversos sistemas utilizados em sua empresa por meio de nossa API aberta. Isso inclui sistemas de CRM (Customer Relationship Management), sistemas de gest\u00e3o de tickets, ferramentas de an\u00e1lise de dados e muito mais. A integra\u00e7\u00e3o permite uma troca cont\u00ednua de informa\u00e7\u00f5es entre as plataformas, possibilitando que sua equipe tenha uma vis\u00e3o completa do hist\u00f3rico do cliente e tome decis\u00f5es mais informadas. Al\u00e9m disso, a integra\u00e7\u00e3o otimiza o fluxo de trabalho, evitando a duplica\u00e7\u00e3o de esfor\u00e7os e garantindo a consist\u00eancia das informa\u00e7\u00f5es em toda a organiza\u00e7\u00e3o. <\/p>\n<p>\t\t\t\t\t\t\t\t\t\t\t\t\t\t\t<svg viewBox=\"0 0 192 512\" xmlns=\"http:\/\/www.w3.org\/2000\/svg\"><path d=\"M0 384.662V127.338c0-17.818 21.543-26.741 34.142-14.142l128.662 128.662c7.81 7.81 7.81 20.474 0 28.284L34.142 398.804C21.543 411.404 0 402.48 0 384.662z\"><\/path><\/svg><br \/>\n\t\t\t\t\t\t\t\t<svg viewBox=\"0 0 320 512\" xmlns=\"http:\/\/www.w3.org\/2000\/svg\"><path d=\"M288.662 352H31.338c-17.818 0-26.741-21.543-14.142-34.142l128.662-128.662c7.81-7.81 20.474-7.81 28.284 0l128.662 128.662c12.6 12.599 3.676 34.142-14.142 34.142z\"><\/path><\/svg><br \/>\n\t\t\t\t\t\t\t\t\t\t\t\t<a tabindex=\"0\">Como a plataforma garante a seguran\u00e7a e a privacidade dos dados dos clientes durante o atendimento? <\/a><\/p>\n<p>A seguran\u00e7a e a privacidade dos dados dos clientes s\u00e3o prioridades em nossa plataforma de atendimento. Implementamos medidas rigorosas de seguran\u00e7a cibern\u00e9tica, criptografando as comunica\u00e7\u00f5es entre o cliente e a plataforma, bem como armazenando dados em servidores seguros. Al\u00e9m disso, nossa plataforma est\u00e1 em conformidade com as regulamenta\u00e7\u00f5es de prote\u00e7\u00e3o de dados, como a GDPR (Regulamenta\u00e7\u00e3o Geral de Prote\u00e7\u00e3o de Dados) ou LGPD (Lei Geral de Prote\u00e7\u00e3o de Dados), garantindo que as informa\u00e7\u00f5es dos clientes sejam tratadas de forma adequada e \u00e9tica.  <\/p>\n","protected":false},"excerpt":{"rendered":"<p>Centralize e Automatize suas Intera\u00e7\u00f5es Automatize seus atendimentos com chatbots e integre todos os canais corporativos &#8211; WhatsApp, Facebook, Instagram e Telegram, em uma \u00fanica plataforma. Plataforma de Atendimento Multicanal Simplifique seus Atendimentos Centralize todos os canais de atendimento ao cliente em um \u00fanico lugar, distribua as intera\u00e7\u00f5es por setores e equipes respons\u00e1veis, e agilize [&hellip;]<\/p>\n","protected":false},"author":2,"featured_media":0,"parent":0,"menu_order":0,"comment_status":"closed","ping_status":"closed","template":"","meta":{"footnotes":""},"class_list":["post-16552","page","type-page","status-publish","hentry"],"_links":{"self":[{"href":"https:\/\/mkt.hubglobalsolutions.com\/pt-br\/wp-json\/wp\/v2\/pages\/16552","targetHints":{"allow":["GET"]}}],"collection":[{"href":"https:\/\/mkt.hubglobalsolutions.com\/pt-br\/wp-json\/wp\/v2\/pages"}],"about":[{"href":"https:\/\/mkt.hubglobalsolutions.com\/pt-br\/wp-json\/wp\/v2\/types\/page"}],"author":[{"embeddable":true,"href":"https:\/\/mkt.hubglobalsolutions.com\/pt-br\/wp-json\/wp\/v2\/users\/2"}],"replies":[{"embeddable":true,"href":"https:\/\/mkt.hubglobalsolutions.com\/pt-br\/wp-json\/wp\/v2\/comments?post=16552"}],"version-history":[{"count":14,"href":"https:\/\/mkt.hubglobalsolutions.com\/pt-br\/wp-json\/wp\/v2\/pages\/16552\/revisions"}],"predecessor-version":[{"id":16800,"href":"https:\/\/mkt.hubglobalsolutions.com\/pt-br\/wp-json\/wp\/v2\/pages\/16552\/revisions\/16800"}],"wp:attachment":[{"href":"https:\/\/mkt.hubglobalsolutions.com\/pt-br\/wp-json\/wp\/v2\/media?parent=16552"}],"curies":[{"name":"wp","href":"https:\/\/api.w.org\/{rel}","templated":true}]}}